{"id":2446,"date":"2025-10-14T10:09:57","date_gmt":"2025-10-14T08:09:57","guid":{"rendered":"https:\/\/zlatalipa.cz\/rezervace\/"},"modified":"2025-10-14T14:28:14","modified_gmt":"2025-10-14T12:28:14","slug":"reservierung","status":"publish","type":"page","link":"https:\/\/zlatalipa.cz\/de\/reservierung\/","title":{"rendered":"Zimmer buchen"},"content":{"rendered":"<div class=\"fusion-fullwidth fullwidth-box fusion-builder-row-1 fusion-flex-container nonhundred-percent-fullwidth non-hundred-percent-height-scrolling\" style=\"background-color: rgba(255,255,255,0);background-position: center center;background-repeat: no-repeat;border-width: 0px 0px 0px 0px;border-color:#e2e2e2;border-style:solid;\" ><div class=\"fusion-builder-row fusion-row fusion-flex-align-items-flex-start\" style=\"max-width:1352px;margin-left: calc(-4% \/ 2 );margin-right: calc(-4% \/ 2 );\"><div class=\"fusion-layout-column fusion_builder_column fusion-builder-column-0 fusion_builder_column_1_1 1_1 fusion-flex-column\"><div class=\"fusion-column-wrapper fusion-flex-justify-content-flex-start fusion-content-layout-column\" style=\"background-position:left top;background-repeat:no-repeat;-webkit-background-size:cover;-moz-background-size:cover;-o-background-size:cover;background-size:cover;padding: 0px 0px 0px 0px;\">    <div id=\"fb-widget-1\" class=\"fb-widget\" data-fbConfig=\"0\"><\/div>\n    <script class=\"fb-widget-config\" data-fbConfig=\"0\" type=\"application\/json\">\n        {\n            \"params\": [\n                {\n                    \"calendar\": {\n                        \"firstDayOfWeek\": 1,\n                        \"nbMonths2display\": 2,\n                        \"title\": \"Zimmerverf\u00fcgbarkeit\",\n                        \"showBestPrice\": true,\n                        \"showLastRoom\": true,\n                        \"showLastRoomThreshold\": 3,\n\t\t\t\t\t\t\"showMinStayDepartureDates\":true,\n\t\t\t\t\t\t\"hideControls\":false,\n                        \"showChildrenAges\": false,\n                        \"themeDark\": false,\n                        \"layoutNum\": 1,\n                        \"roomRateFiltering\": 0,\n                        \"rateFilter\": [],\n                        \"roomFilter\": [],\n                        \"useLoyalty\": false,\n                        \"loyalty\": \"\",\n                        \"loyaltyParams\": {},\n\t\t\t\t\t\t\"useRedirectUrlFromApi\" : true,\n                        \"daysLookAhead\" : 365,\n\"useNewBestPrice\": true\n\n                    },\n                    \"currency\": \"EUR\",\n                    \"locale\": \"de-DE\",\n                    \"maxAdults\": 10,\n                    \"maxChildren\": 2,\n                    \"mainColor\": \"#b0a06c\",\n                    \"themeDark\": false,\n                    \"openFrontInNewTab\": true,\n                    \"property\": \"2QEI-21648\", \n                    \"title\": \"Hotel Zlat\u00e1 L\u00edpa\",\n                    \"childrenMaxAge\": 12,\n                    \"fbWidget\": \"Calendar\"\n                }\n            ],\n            \"commonParams\": {\n                \"redirectUrl\": \"https:\/\/www.secure-hotel-booking.com\",\n                \"showPropertiesList\": true,\n                \"demoMode\": false,\n                \"frontUrl\": \"https:\/\/www.secure-hotel-booking.com\"\n            },\n            \"_authCode\": \"eyJhbGciOiJIUzUxMiIsInR5cCI6IkpXVCJ9.eyJib29raW5nRW5naW5lUmVmZXJlbmNlIjoiMlFFSSIsImhvdGVsSWQiOiIyMTY0OCIsImdyb3VwSWQiOiIxMzkyNSIsInJlZmVyZW5jZVJhdGVDb2RlIjoiU1REIiwiZGlzcGxheU5hbWUiOiJIb3RlbC1abGF0YS1MaXBhIiwibmJmIjoxNzU5OTk5MDQ1LCJleHAiOjI1MzQwMjMwMDgwMCwiaWF0IjoxNzU5OTk5MDQ1LCJpc3MiOiJBdmFpbHBybyBBUEkgTWFuYWdlciIsImF1ZCI6ImQtZWRnZSJ9._iV4AZZjSRxgTSOHTb2K4VkTDrR8lBjAo2vB3NNkxIvwjYLSy9GxVkPtFhW7jCP2f5K1rwxqnuIdKqKNnZu3-A\",\n            \"propertyIndex\": 0,\n            \"version\": \"1.35.0\",\n            \"baseHost\": \"https:\/\/websdk.d-edge.com\"\n        }\n    <\/script>\n    <link rel=\"stylesheet\" property=\"stylesheet\" href=\"https:\/\/websdk.d-edge.com\/widgets\/app.css\">\n    <script type=\"text\/javascript\" src=\"https:\/\/websdk.d-edge.com\/widgets\/app.js\"><\/script>\n\t<script>\nwindow.addEventListener('load', function() {\n    const NumberOfChildren = document.querySelector(\".fbw-calendar--label.child--label\");\n    console.log(NumberOfChildren);\n    if (NumberOfChildren) {\n        NumberOfChildren.innerText = \"Anzahl der Kinder\";\n    }\n});\n<\/script><script>\nconst observer = new MutationObserver(function() {\n    const NumberOfChildren = document.querySelector(\".fbw-calendar--label.child--label\");\n    const NumberOfAdults = document.querySelector(\".fbw-calendar--label.adult--label\");\n    const ArrDate = document.querySelector(\".fbw-calendar--label.arrival--label\");\n    const DepDate = document.querySelector(\".fbw-calendar--label.departure--label\");\n    const bestPrice = document.querySelector(\".best-price--legend .legend-txt\");\n    const lastRoom = document.querySelector(\".last-room--legend .legend-txt\");\n    const minStay = document.querySelector(\".minStay--legend .legend-txt\");\n    const btnBook = document.querySelector(\".fbw-calendar--action a\");\n\n    let allFound = true;\n\n    if (NumberOfChildren) {\n        NumberOfChildren.innerText = \"Anzahl der Kinder\";\n    } else {\n        allFound = false;\n    }\n    \n    if (NumberOfAdults) {\n        NumberOfAdults.innerText = \"Anzahl Erwachsene\";\n    } else {\n        allFound = false;\n    }\n    \n    if (ArrDate) {\n        ArrDate.innerText = \"Anreisedatum\";\n    } else {\n        allFound = false;\n    }\n    \n    if (DepDate) {\n        DepDate.innerText = \"Abreisedatum\";\n    } else {\n        allFound = false;\n    }\n    \n    if (bestPrice) {\n        bestPrice.innerText = \"Bestpreis\";\n    } else {\n        allFound = false;\n    }\n    \n    if (lastRoom) {\n        lastRoom.innerText = \"Letzte(s) Zimmer\";\n    } else {\n        allFound = false;\n    }\n    \n    if (minStay) {\n        minStay.innerText = \"Mindestaufenthalt\";\n    } else {\n        allFound = false;\n    }\n    if (btnBook) {\n        btnBook.innerText = \"Buchen\";\n    } else {\n        allFound = false;\n    }\n\n    \/\/ Odpoj\u00edme observer a\u017e kdy\u017e jsou v\u0161echny elementy nalezeny a zm\u011bn\u011bny\n    if (allFound) {\n        observer.disconnect();\n    }\n});\n\nobserver.observe(document.body, { childList: true, subtree: true });\n<\/script><\/div><style type=\"text\/css\">.fusion-body .fusion-builder-column-0{width:100% !important;margin-top : 0px;margin-bottom : 20px;}.fusion-builder-column-0 > .fusion-column-wrapper {padding-top : 0px !important;padding-right : 0px !important;margin-right : 1.92%;padding-bottom : 0px !important;padding-left : 0px !important;margin-left : 1.92%;}@media only screen and (max-width:1100px) {.fusion-body .fusion-builder-column-0{width:100% !important;order : 0;}.fusion-builder-column-0 > .fusion-column-wrapper {margin-right : 1.92%;margin-left : 1.92%;}}@media only screen and (max-width:1000px) {.fusion-body .fusion-builder-column-0{width:100% !important;order : 0;}.fusion-builder-column-0 > .fusion-column-wrapper {margin-right : 1.92%;margin-left : 1.92%;}}<\/style><\/div><\/div><style type=\"text\/css\">.fusion-body .fusion-flex-container.fusion-builder-row-1{ padding-top : 0px;margin-top : 0px;padding-right : 0px;padding-bottom : 0px;margin-bottom : 0px;padding-left : 0px;}<\/style><\/div>\n","protected":false},"excerpt":{"rendered":"","protected":false},"author":3,"featured_media":0,"parent":0,"menu_order":0,"comment_status":"closed","ping_status":"closed","template":"","meta":[],"yoast_head":"<!-- This site is optimized with the Yoast SEO plugin v17.8 - https:\/\/yoast.com\/wordpress\/plugins\/seo\/ -->\n<title>Zimmer buchen - HOTEL ZLAT\u00c1 L\u00cdPA<\/title>\n<meta name=\"robots\" content=\"index, follow, max-snippet:-1, max-image-preview:large, max-video-preview:-1\" \/>\n<link rel=\"canonical\" href=\"https:\/\/zlatalipa.cz\/de\/reservierung\/\" \/>\n<meta property=\"og:locale\" content=\"de_DE\" \/>\n<meta property=\"og:type\" content=\"article\" \/>\n<meta property=\"og:title\" content=\"Zimmer buchen - HOTEL ZLAT\u00c1 L\u00cdPA\" \/>\n<meta property=\"og:url\" content=\"https:\/\/zlatalipa.cz\/de\/reservierung\/\" \/>\n<meta property=\"og:site_name\" content=\"HOTEL ZLAT\u00c1 L\u00cdPA\" \/>\n<meta property=\"article:modified_time\" content=\"2025-10-14T12:28:14+00:00\" \/>\n<meta name=\"twitter:card\" content=\"summary_large_image\" \/>\n<meta name=\"twitter:label1\" content=\"Gesch\u00e4tzte Lesezeit\" \/>\n\t<meta name=\"twitter:data1\" content=\"5 Minuten\" \/>\n<script type=\"application\/ld+json\" class=\"yoast-schema-graph\">{\"@context\":\"https:\/\/schema.org\",\"@graph\":[{\"@type\":\"WebSite\",\"@id\":\"https:\/\/zlatalipa.cz\/#website\",\"url\":\"https:\/\/zlatalipa.cz\/\",\"name\":\"HOTEL ZLAT\\u00c1 L\\u00cdPA\",\"description\":\"Hotel, restaurace, wellness\",\"potentialAction\":[{\"@type\":\"SearchAction\",\"target\":{\"@type\":\"EntryPoint\",\"urlTemplate\":\"https:\/\/zlatalipa.cz\/?s={search_term_string}\"},\"query-input\":\"required name=search_term_string\"}],\"inLanguage\":\"de-DE\"},{\"@type\":\"WebPage\",\"@id\":\"https:\/\/zlatalipa.cz\/de\/reservierung\/#webpage\",\"url\":\"https:\/\/zlatalipa.cz\/de\/reservierung\/\",\"name\":\"Zimmer buchen - HOTEL ZLAT\\u00c1 L\\u00cdPA\",\"isPartOf\":{\"@id\":\"https:\/\/zlatalipa.cz\/#website\"},\"datePublished\":\"2025-10-14T08:09:57+00:00\",\"dateModified\":\"2025-10-14T12:28:14+00:00\",\"breadcrumb\":{\"@id\":\"https:\/\/zlatalipa.cz\/de\/reservierung\/#breadcrumb\"},\"inLanguage\":\"de-DE\",\"potentialAction\":[{\"@type\":\"ReadAction\",\"target\":[\"https:\/\/zlatalipa.cz\/de\/reservierung\/\"]}]},{\"@type\":\"BreadcrumbList\",\"@id\":\"https:\/\/zlatalipa.cz\/de\/reservierung\/#breadcrumb\",\"itemListElement\":[{\"@type\":\"ListItem\",\"position\":1,\"name\":\"Dom\\u016f\",\"item\":\"https:\/\/zlatalipa.cz\/de\/\"},{\"@type\":\"ListItem\",\"position\":2,\"name\":\"Zimmer buchen\"}]}]}<\/script>\n<!-- \/ Yoast SEO plugin. -->","yoast_head_json":{"title":"Zimmer buchen - HOTEL ZLAT\u00c1 L\u00cdPA","robots":{"index":"index","follow":"follow","max-snippet":"max-snippet:-1","max-image-preview":"max-image-preview:large","max-video-preview":"max-video-preview:-1"},"canonical":"https:\/\/zlatalipa.cz\/de\/reservierung\/","og_locale":"de_DE","og_type":"article","og_title":"Zimmer buchen - HOTEL ZLAT\u00c1 L\u00cdPA","og_url":"https:\/\/zlatalipa.cz\/de\/reservierung\/","og_site_name":"HOTEL ZLAT\u00c1 L\u00cdPA","article_modified_time":"2025-10-14T12:28:14+00:00","twitter_card":"summary_large_image","twitter_misc":{"Gesch\u00e4tzte Lesezeit":"5 Minuten"},"schema":{"@context":"https:\/\/schema.org","@graph":[{"@type":"WebSite","@id":"https:\/\/zlatalipa.cz\/#website","url":"https:\/\/zlatalipa.cz\/","name":"HOTEL ZLAT\u00c1 L\u00cdPA","description":"Hotel, restaurace, wellness","potentialAction":[{"@type":"SearchAction","target":{"@type":"EntryPoint","urlTemplate":"https:\/\/zlatalipa.cz\/?s={search_term_string}"},"query-input":"required name=search_term_string"}],"inLanguage":"de-DE"},{"@type":"WebPage","@id":"https:\/\/zlatalipa.cz\/de\/reservierung\/#webpage","url":"https:\/\/zlatalipa.cz\/de\/reservierung\/","name":"Zimmer buchen - HOTEL ZLAT\u00c1 L\u00cdPA","isPartOf":{"@id":"https:\/\/zlatalipa.cz\/#website"},"datePublished":"2025-10-14T08:09:57+00:00","dateModified":"2025-10-14T12:28:14+00:00","breadcrumb":{"@id":"https:\/\/zlatalipa.cz\/de\/reservierung\/#breadcrumb"},"inLanguage":"de-DE","potentialAction":[{"@type":"ReadAction","target":["https:\/\/zlatalipa.cz\/de\/reservierung\/"]}]},{"@type":"BreadcrumbList","@id":"https:\/\/zlatalipa.cz\/de\/reservierung\/#breadcrumb","itemListElement":[{"@type":"ListItem","position":1,"name":"Dom\u016f","item":"https:\/\/zlatalipa.cz\/de\/"},{"@type":"ListItem","position":2,"name":"Zimmer buchen"}]}]}},"_links":{"self":[{"href":"https:\/\/zlatalipa.cz\/de\/wp-json\/wp\/v2\/pages\/2446"}],"collection":[{"href":"https:\/\/zlatalipa.cz\/de\/wp-json\/wp\/v2\/pages"}],"about":[{"href":"https:\/\/zlatalipa.cz\/de\/wp-json\/wp\/v2\/types\/page"}],"author":[{"embeddable":true,"href":"https:\/\/zlatalipa.cz\/de\/wp-json\/wp\/v2\/users\/3"}],"replies":[{"embeddable":true,"href":"https:\/\/zlatalipa.cz\/de\/wp-json\/wp\/v2\/comments?post=2446"}],"version-history":[{"count":26,"href":"https:\/\/zlatalipa.cz\/de\/wp-json\/wp\/v2\/pages\/2446\/revisions"}],"predecessor-version":[{"id":2480,"href":"https:\/\/zlatalipa.cz\/de\/wp-json\/wp\/v2\/pages\/2446\/revisions\/2480"}],"wp:attachment":[{"href":"https:\/\/zlatalipa.cz\/de\/wp-json\/wp\/v2\/media?parent=2446"}],"curies":[{"name":"wp","href":"https:\/\/api.w.org\/{rel}","templated":true}]}}