{"id":947,"date":"2021-09-23T10:12:23","date_gmt":"2021-09-23T08:12:23","guid":{"rendered":"http:\/\/zlatalipa.cz\/konference\/"},"modified":"2022-05-04T22:35:11","modified_gmt":"2022-05-04T20:35:11","slug":"konferenzen","status":"publish","type":"page","link":"https:\/\/zlatalipa.cz\/de\/konferenzen\/","title":{"rendered":"Konferenzen"},"content":{"rendered":"<div class=\"fusion-fullwidth fullwidth-box fusion-builder-row-1 fusion-flex-container nonhundred-percent-fullwidth non-hundred-percent-height-scrolling\" style=\"background-color: rgba(255,255,255,0);background-position: center center;background-repeat: no-repeat;border-width: 0px 0px 0px 0px;border-color:#e2e2e2;border-style:solid;\" ><div class=\"fusion-builder-row fusion-row fusion-flex-align-items-stretch\" style=\"max-width:1352px;margin-left: calc(-4% \/ 2 );margin-right: calc(-4% \/ 2 );\"><div class=\"fusion-layout-column fusion_builder_column fusion-builder-column-0 fusion_builder_column_1_1 1_1 fusion-flex-column fusion-flex-align-self-stretch box\"><div class=\"fusion-column-wrapper fusion-flex-justify-content-center fusion-content-layout-column\" style=\"background-position:left top;background-repeat:no-repeat;-webkit-background-size:cover;-moz-background-size:cover;-o-background-size:cover;background-size:cover;padding: 0px 0px 0px 0px;\"><div class=\"fusion-builder-row fusion-builder-row-inner fusion-row fusion-flex-align-items-stretch\" style=\"width:104% !important;max-width:104% !important;margin-left: calc(-4% \/ 2 );margin-right: calc(-4% \/ 2 );\"><div class=\"fusion-layout-column fusion_builder_column_inner fusion-builder-nested-column-0 fusion_builder_column_inner_1_2 1_2 fusion-flex-column image-column-height order-1\"><div class=\"fusion-column-wrapper fusion-flex-justify-content-flex-start fusion-content-layout-column fusion-empty-column-bg-image\" style=\"background-image: url(&#039;https:\/\/zlatalipa.cz\/wp-content\/uploads\/2021\/09\/konference-1.jpg&#039;);background-position:center center;background-repeat:no-repeat;-webkit-background-size:cover;-moz-background-size:cover;-o-background-size:cover;background-size:cover;padding: 0px 0px 0px 0px;\" data-bg-url=\"https:\/\/zlatalipa.cz\/wp-content\/uploads\/2021\/09\/konference-1.jpg\"><img class=\"fusion-empty-dims-img-placeholder fusion-no-large-visibility fusion-no-medium-visibility\" src=\"data:image\/svg+xml,%3Csvg%20xmlns%3D%27http%3A%2F%2Fwww.w3.org%2F2000%2Fsvg%27%20width%3D%27640%27%20height%3D%27425%27%20viewBox%3D%270%200%20640%20425%27%3E%3Crect%20width%3D%27640%27%20height%3D%27425%27%20fill-opacity%3D%220%22%2F%3E%3C%2Fsvg%3E\"><\/div><style type=\"text\/css\">.fusion-body .fusion-builder-nested-column-0{width:50% !important;margin-top : 0px;margin-bottom : 0px;}.fusion-builder-nested-column-0 > .fusion-column-wrapper {padding-top : 0px !important;padding-right : 0px !important;margin-right : 3.84%;padding-bottom : 0px !important;padding-left : 0px !important;margin-left : 3.84%;}@media only screen and (max-width:1100px) {.fusion-body .fusion-builder-nested-column-0{width:50% !important;order : 0;}.fusion-builder-nested-column-0 > .fusion-column-wrapper {margin-right : 3.84%;margin-left : 3.84%;}}@media only screen and (max-width:1000px) {.fusion-body .fusion-builder-nested-column-0{width:100% !important;order : 0;}.fusion-builder-nested-column-0 > .fusion-column-wrapper {margin-right : 1.92%;margin-left : 1.92%;}}<\/style><\/div><div class=\"fusion-layout-column fusion_builder_column_inner fusion-builder-nested-column-1 fusion_builder_column_inner_1_2 1_2 fusion-flex-column fusion-flex-align-self-stretch order-2\"><div class=\"fusion-column-wrapper fusion-flex-justify-content-center fusion-content-layout-column\" style=\"background-position:left top;background-repeat:no-repeat;-webkit-background-size:cover;-moz-background-size:cover;-o-background-size:cover;background-size:cover;padding: 60px 40px 60px 40px;\"><style type=\"text\/css\">@media only screen and (max-width:1100px) {.fusion-title.fusion-title-1{margin-top:0px!important; margin-right:0px!important;margin-bottom:16px!important;margin-left:0px!important;}}@media only screen and (max-width:1000px) {.fusion-title.fusion-title-1{margin-top:10px!important; margin-right:0px!important;margin-bottom:10px!important; margin-left:0px!important;}}<\/style><div class=\"fusion-title title fusion-title-1 fusion-sep-none fusion-title-text fusion-title-size-two\" style=\"margin-top:0px;margin-right:0px;margin-bottom:16px;margin-left:0px;\"><h2 class=\"title-heading-left fusion-responsive-typography-calculated\" style=\"margin:0;--fontSize:35;line-height:1.2;\">Konferenzen<\/h2><\/div><div class=\"fusion-text fusion-text-1\"><p>Den Firmenkunden steht eine Lounge mit Tageslicht f\u00fcr 35 Personen zur Verf\u00fcgung. Die Lounge ist mit Wi-Fi-Internetverbindung, einem Flipchart, einer tragbaren Leinwand und einem Beamer mit Soundsystem ausgestattet. Wir bereiten den gesamten Raum entsprechend Ihren W\u00fcnschen vor. Um das Programm abzurunden, stehen Ihnen das Wellnesscenter, das Restaurant und der Weinkeller des Hotels zur Verf\u00fcgung. Das Programm der gesamten Veranstaltung stellen wir nach Ihren Vorstellungen zusammen.<\/p>\n<\/div><\/div><style type=\"text\/css\">.fusion-body .fusion-builder-nested-column-1{width:50% !important;margin-top : 0px;margin-bottom : 0px;}.fusion-builder-nested-column-1 > .fusion-column-wrapper {padding-top : 60px !important;padding-right : 40px !important;margin-right : 3.84%;padding-bottom : 60px !important;padding-left : 40px !important;margin-left : 3.84%;}@media only screen and (max-width:1100px) {.fusion-body .fusion-builder-nested-column-1{width:50% !important;order : 0;}.fusion-builder-nested-column-1 > .fusion-column-wrapper {margin-right : 3.84%;margin-left : 3.84%;}}@media only screen and (max-width:1000px) {.fusion-body .fusion-builder-nested-column-1{width:100% !important;order : 0;}.fusion-builder-nested-column-1 > .fusion-column-wrapper {margin-right : 1.92%;margin-left : 1.92%;}}<\/style><\/div><\/div><\/div><style type=\"text\/css\">.fusion-body .fusion-builder-column-0{width:100% !important;margin-top : 0px;margin-bottom : 20px;}.fusion-builder-column-0 > .fusion-column-wrapper {padding-top : 0px !important;padding-right : 0px !important;margin-right : 1.92%;padding-bottom : 0px !important;padding-left : 0px !important;margin-left : 1.92%;}@media only screen and (max-width:1100px) {.fusion-body .fusion-builder-column-0{width:100% !important;order : 0;}.fusion-builder-column-0 > .fusion-column-wrapper {margin-right : 1.92%;margin-left : 1.92%;}}@media only screen and (max-width:1000px) {.fusion-body .fusion-builder-column-0{width:100% !important;order : 0;}.fusion-builder-column-0 > .fusion-column-wrapper {margin-right : 1.92%;margin-left : 1.92%;}}<\/style><\/div><div class=\"fusion-layout-column fusion_builder_column fusion-builder-column-1 fusion_builder_column_1_1 1_1 fusion-flex-column fusion-flex-align-self-stretch box\"><div class=\"fusion-column-wrapper fusion-flex-justify-content-center fusion-content-layout-column\" style=\"background-position:left top;background-repeat:no-repeat;-webkit-background-size:cover;-moz-background-size:cover;-o-background-size:cover;background-size:cover;padding: 0px 0px 0px 0px;\"><div class=\"fusion-builder-row fusion-builder-row-inner fusion-row fusion-flex-align-items-stretch\" style=\"width:104% !important;max-width:104% !important;margin-left: calc(-4% \/ 2 );margin-right: calc(-4% \/ 2 );\"><div class=\"fusion-layout-column fusion_builder_column_inner fusion-builder-nested-column-2 fusion_builder_column_inner_1_2 1_2 fusion-flex-column fusion-flex-align-self-stretch order-2\"><div class=\"fusion-column-wrapper fusion-flex-justify-content-center fusion-content-layout-column\" style=\"background-position:left top;background-repeat:no-repeat;-webkit-background-size:cover;-moz-background-size:cover;-o-background-size:cover;background-size:cover;padding: 60px 40px 60px 40px;\"><style type=\"text\/css\">@media only screen and (max-width:1100px) {.fusion-title.fusion-title-2{margin-top:10px!important; margin-right:0px!important;margin-bottom:16px!important;margin-left:0px!important;}}@media only screen and (max-width:1000px) {.fusion-title.fusion-title-2{margin-top:10px!important; margin-right:0px!important;margin-bottom:10px!important; margin-left:0px!important;}}<\/style><div class=\"fusion-title title fusion-title-2 fusion-sep-none fusion-title-text fusion-title-size-two\" style=\"margin-top:10px;margin-right:0px;margin-bottom:16px;margin-left:0px;\"><h2 class=\"title-heading-left fusion-responsive-typography-calculated\" style=\"margin:0;--fontSize:35;line-height:1.2;\">HOCHZEITEN UND FAMILIENFEIER<\/h2><\/div><div class=\"fusion-text fusion-text-2\"><p>Sie planen eine Hochzeit oder eine gr\u00f6\u00dfere Familienfeier? Unser Familienhotel ist der geeignetste Ort f\u00fcr einen solchen Anlass. Die im Schlossstil erbaute Weinstube mit einer Bar und einer Raucherlounge verf\u00fcgt auch \u00fcber eine Tanzfl\u00e4che. W\u00e4hrend der gesamten Feier werden Sie von geschultem Personal betreut und die gesamte Veranstaltung wird nach Ihren W\u00fcnschen f\u00fcr Sie vorbereitet. Gleichzeitig besteht die M\u00f6glichkeit einer Unterbringung f\u00fcr Ihre G\u00e4ste oder die Hochzeitsg\u00e4ste.<\/p>\n<\/div><\/div><style type=\"text\/css\">.fusion-body .fusion-builder-nested-column-2{width:50% !important;margin-top : 0px;margin-bottom : 0px;}.fusion-builder-nested-column-2 > .fusion-column-wrapper {padding-top : 60px !important;padding-right : 40px !important;margin-right : 3.84%;padding-bottom : 60px !important;padding-left : 40px !important;margin-left : 3.84%;}@media only screen and (max-width:1100px) {.fusion-body .fusion-builder-nested-column-2{width:50% !important;order : 0;}.fusion-builder-nested-column-2 > .fusion-column-wrapper {margin-right : 3.84%;margin-left : 3.84%;}}@media only screen and (max-width:1000px) {.fusion-body .fusion-builder-nested-column-2{width:100% !important;order : 0;}.fusion-builder-nested-column-2 > .fusion-column-wrapper {margin-right : 1.92%;margin-left : 1.92%;}}<\/style><\/div><div class=\"fusion-layout-column fusion_builder_column_inner fusion-builder-nested-column-3 fusion_builder_column_inner_1_2 1_2 fusion-flex-column fusion-flex-align-self-stretch image-column-height order-1\"><div class=\"fusion-column-wrapper fusion-flex-justify-content-flex-start fusion-content-layout-column fusion-empty-column-bg-image\" style=\"background-image: url(&#039;https:\/\/zlatalipa.cz\/wp-content\/uploads\/2021\/09\/konference-4.jpg&#039;);background-position:center center;background-repeat:no-repeat;-webkit-background-size:cover;-moz-background-size:cover;-o-background-size:cover;background-size:cover;padding: 0px 0px 0px 0px;\" data-bg-url=\"https:\/\/zlatalipa.cz\/wp-content\/uploads\/2021\/09\/konference-4.jpg\"><img class=\"fusion-empty-dims-img-placeholder fusion-no-large-visibility fusion-no-medium-visibility\" src=\"data:image\/svg+xml,%3Csvg%20xmlns%3D%27http%3A%2F%2Fwww.w3.org%2F2000%2Fsvg%27%20width%3D%271280%27%20height%3D%27853%27%20viewBox%3D%270%200%201280%20853%27%3E%3Crect%20width%3D%271280%27%20height%3D%27853%27%20fill-opacity%3D%220%22%2F%3E%3C%2Fsvg%3E\"><\/div><style type=\"text\/css\">.fusion-body .fusion-builder-nested-column-3{width:50% !important;margin-top : 0px;margin-bottom : 0px;}.fusion-builder-nested-column-3 > .fusion-column-wrapper {padding-top : 0px !important;padding-right : 0px !important;margin-right : 3.84%;padding-bottom : 0px !important;padding-left : 0px !important;margin-left : 3.84%;}@media only screen and (max-width:1100px) {.fusion-body .fusion-builder-nested-column-3{width:50% !important;order : 0;}.fusion-builder-nested-column-3 > .fusion-column-wrapper {margin-right : 3.84%;margin-left : 3.84%;}}@media only screen and (max-width:1000px) {.fusion-body .fusion-builder-nested-column-3{width:100% !important;order : 0;}.fusion-builder-nested-column-3 > .fusion-column-wrapper {margin-right : 1.92%;margin-left : 1.92%;}}<\/style><\/div><\/div><\/div><style type=\"text\/css\">.fusion-body .fusion-builder-column-1{width:100% !important;margin-top : 0px;margin-bottom : 80px;}.fusion-builder-column-1 > .fusion-column-wrapper {padding-top : 0px !important;padding-right : 0px !important;margin-right : 1.92%;padding-bottom : 0px !important;padding-left : 0px !important;margin-left : 1.92%;}@media only screen and (max-width:1100px) {.fusion-body .fusion-builder-column-1{width:100% !important;order : 0;}.fusion-builder-column-1 > .fusion-column-wrapper {margin-right : 1.92%;margin-left : 1.92%;}}@media only screen and (max-width:1000px) {.fusion-body .fusion-builder-column-1{width:100% !important;order : 0;}.fusion-builder-column-1 > .fusion-column-wrapper {margin-right : 1.92%;margin-left : 1.92%;}}<\/style><\/div><div class=\"fusion-layout-column fusion_builder_column fusion-builder-column-2 fusion_builder_column_1_1 1_1 fusion-flex-column\"><div class=\"fusion-column-wrapper fusion-flex-justify-content-flex-start fusion-content-layout-column\" style=\"background-position:left top;background-repeat:no-repeat;-webkit-background-size:cover;-moz-background-size:cover;-o-background-size:cover;background-size:cover;padding: 0px 0px 0px 0px;\"><style type=\"text\/css\">.fusion-gallery-1 .fusion-gallery-image {border:0px solid #e2e2e2;}<\/style><div class=\"fusion-gallery fusion-gallery-container fusion-grid-3 fusion-columns-total-6 fusion-gallery-layout-grid fusion-gallery-1\" style=\"margin:-5px;\"><div style=\"padding:5px;\" class=\"fusion-grid-column fusion-gallery-column fusion-gallery-column-3 hover-type-none\"><div class=\"fusion-gallery-image\"><a href=\"https:\/\/zlatalipa.cz\/wp-content\/uploads\/2021\/09\/konference-1-1.jpg\" rel=\"noreferrer\" data-rel=\"iLightbox[gallery_image_1]\" class=\"fusion-lightbox\" target=\"_self\"><img src=\"https:\/\/zlatalipa.cz\/wp-content\/uploads\/2021\/09\/konference-1-1-460x295.jpg\" width=\"460\" height=\"295\" alt=\"\" title=\"\" aria-label=\"\" class=\"img-responsive wp-image-737 fusion-gallery-image-size-fixed\" \/><\/a><\/div><\/div><div style=\"padding:5px;\" class=\"fusion-grid-column fusion-gallery-column fusion-gallery-column-3 hover-type-none\"><div class=\"fusion-gallery-image\"><a href=\"https:\/\/zlatalipa.cz\/wp-content\/uploads\/2021\/09\/konference-2-1.jpg\" rel=\"noreferrer\" data-rel=\"iLightbox[gallery_image_1]\" class=\"fusion-lightbox\" target=\"_self\"><img src=\"https:\/\/zlatalipa.cz\/wp-content\/uploads\/2021\/09\/konference-2-1-460x295.jpg\" width=\"460\" height=\"295\" alt=\"\" title=\"\" aria-label=\"\" class=\"img-responsive wp-image-738 fusion-gallery-image-size-fixed\" \/><\/a><\/div><\/div><div style=\"padding:5px;\" class=\"fusion-grid-column fusion-gallery-column fusion-gallery-column-3 hover-type-none\"><div class=\"fusion-gallery-image\"><a href=\"https:\/\/zlatalipa.cz\/wp-content\/uploads\/2021\/09\/konference-3-scaled.jpg\" rel=\"noreferrer\" data-rel=\"iLightbox[gallery_image_1]\" class=\"fusion-lightbox\" target=\"_self\"><img src=\"https:\/\/zlatalipa.cz\/wp-content\/uploads\/2021\/09\/konference-3-scaled-460x295.jpg\" width=\"460\" height=\"295\" alt=\"\" title=\"\" aria-label=\"\" class=\"img-responsive wp-image-739 fusion-gallery-image-size-fixed\" \/><\/a><\/div><\/div><div class=\"clearfix\"><\/div><div style=\"padding:5px;\" class=\"fusion-grid-column fusion-gallery-column fusion-gallery-column-3 hover-type-none\"><div class=\"fusion-gallery-image\"><a href=\"https:\/\/zlatalipa.cz\/wp-content\/uploads\/2021\/09\/konference-4-1-scaled.jpg\" rel=\"noreferrer\" data-rel=\"iLightbox[gallery_image_1]\" class=\"fusion-lightbox\" target=\"_self\"><img src=\"https:\/\/zlatalipa.cz\/wp-content\/uploads\/2021\/09\/konference-4-1-scaled-460x295.jpg\" width=\"460\" height=\"295\" alt=\"\" title=\"\" aria-label=\"\" class=\"img-responsive wp-image-740 fusion-gallery-image-size-fixed\" \/><\/a><\/div><\/div><div style=\"padding:5px;\" class=\"fusion-grid-column fusion-gallery-column fusion-gallery-column-3 hover-type-none\"><div class=\"fusion-gallery-image\"><a href=\"https:\/\/zlatalipa.cz\/wp-content\/uploads\/2021\/09\/konference5.jpg\" rel=\"noreferrer\" data-rel=\"iLightbox[gallery_image_1]\" class=\"fusion-lightbox\" target=\"_self\"><img src=\"https:\/\/zlatalipa.cz\/wp-content\/uploads\/2021\/09\/konference5-460x295.jpg\" width=\"460\" height=\"295\" alt=\"\" title=\"\" aria-label=\"\" class=\"img-responsive wp-image-741 fusion-gallery-image-size-fixed\" \/><\/a><\/div><\/div><div style=\"padding:5px;\" class=\"fusion-grid-column fusion-gallery-column fusion-gallery-column-3 hover-type-none\"><div class=\"fusion-gallery-image\"><a href=\"https:\/\/zlatalipa.cz\/wp-content\/uploads\/2022\/05\/20211116_161409_1000x750.jpg\" rel=\"noreferrer\" data-rel=\"iLightbox[gallery_image_1]\" class=\"fusion-lightbox\" target=\"_self\"><img src=\"https:\/\/zlatalipa.cz\/wp-content\/uploads\/2022\/05\/20211116_161409_1000x750-460x295.jpg\" width=\"460\" height=\"295\" alt=\"\" title=\"20211116_161409_1000x750\" aria-label=\"20211116_161409_1000x750\" class=\"img-responsive wp-image-1572 fusion-gallery-image-size-fixed\" \/><\/a><\/div><\/div><div class=\"clearfix\"><\/div><\/div><\/div><style type=\"text\/css\">.fusion-body .fusion-builder-column-2{width:100% !important;margin-top : 0px;margin-bottom : 20px;}.fusion-builder-column-2 > .fusion-column-wrapper {padding-top : 0px !important;padding-right : 0px !important;margin-right : 1.92%;padding-bottom : 0px !important;padding-left : 0px !important;margin-left : 1.92%;}@media only screen and (max-width:1100px) {.fusion-body .fusion-builder-column-2{width:100% !important;order : 0;}.fusion-builder-column-2 > .fusion-column-wrapper {margin-right : 1.92%;margin-left : 1.92%;}}@media only screen and (max-width:1000px) {.fusion-body .fusion-builder-column-2{width:100% !important;order : 0;}.fusion-builder-column-2 > .fusion-column-wrapper {margin-right : 1.92%;margin-left : 1.92%;}}<\/style><\/div><\/div><style type=\"text\/css\">.fusion-body .fusion-flex-container.fusion-builder-row-1{ padding-top : 0px;margin-top : 0px;padding-right : 0px;padding-bottom : 0px;margin-bottom : 0px;padding-left : 0px;}<\/style><\/div>\n","protected":false},"excerpt":{"rendered":"","protected":false},"author":3,"featured_media":0,"parent":0,"menu_order":0,"comment_status":"closed","ping_status":"closed","template":"100-width.php","meta":[],"yoast_head":"<!-- This site is optimized with the Yoast SEO plugin v17.8 - https:\/\/yoast.com\/wordpress\/plugins\/seo\/ -->\n<title>Konferenzen - HOTEL ZLAT\u00c1 L\u00cdPA<\/title>\n<meta name=\"robots\" content=\"index, follow, max-snippet:-1, max-image-preview:large, max-video-preview:-1\" \/>\n<link rel=\"canonical\" href=\"https:\/\/zlatalipa.cz\/de\/konferenzen\/\" \/>\n<meta property=\"og:locale\" content=\"de_DE\" \/>\n<meta property=\"og:type\" content=\"article\" \/>\n<meta property=\"og:title\" content=\"Konferenzen - HOTEL ZLAT\u00c1 L\u00cdPA\" \/>\n<meta property=\"og:url\" content=\"https:\/\/zlatalipa.cz\/de\/konferenzen\/\" \/>\n<meta property=\"og:site_name\" content=\"HOTEL ZLAT\u00c1 L\u00cdPA\" \/>\n<meta property=\"article:modified_time\" content=\"2022-05-04T20:35:11+00:00\" \/>\n<meta name=\"twitter:card\" content=\"summary_large_image\" \/>\n<meta name=\"twitter:label1\" content=\"Gesch\u00e4tzte Lesezeit\" \/>\n\t<meta name=\"twitter:data1\" content=\"16 Minuten\" \/>\n<script type=\"application\/ld+json\" class=\"yoast-schema-graph\">{\"@context\":\"https:\/\/schema.org\",\"@graph\":[{\"@type\":\"WebSite\",\"@id\":\"https:\/\/zlatalipa.cz\/#website\",\"url\":\"https:\/\/zlatalipa.cz\/\",\"name\":\"HOTEL ZLAT\\u00c1 L\\u00cdPA\",\"description\":\"Hotel, restaurace, wellness\",\"potentialAction\":[{\"@type\":\"SearchAction\",\"target\":{\"@type\":\"EntryPoint\",\"urlTemplate\":\"https:\/\/zlatalipa.cz\/?s={search_term_string}\"},\"query-input\":\"required name=search_term_string\"}],\"inLanguage\":\"de-DE\"},{\"@type\":\"WebPage\",\"@id\":\"https:\/\/zlatalipa.cz\/de\/konferenzen\/#webpage\",\"url\":\"https:\/\/zlatalipa.cz\/de\/konferenzen\/\",\"name\":\"Konferenzen - HOTEL ZLAT\\u00c1 L\\u00cdPA\",\"isPartOf\":{\"@id\":\"https:\/\/zlatalipa.cz\/#website\"},\"datePublished\":\"2021-09-23T08:12:23+00:00\",\"dateModified\":\"2022-05-04T20:35:11+00:00\",\"breadcrumb\":{\"@id\":\"https:\/\/zlatalipa.cz\/de\/konferenzen\/#breadcrumb\"},\"inLanguage\":\"de-DE\",\"potentialAction\":[{\"@type\":\"ReadAction\",\"target\":[\"https:\/\/zlatalipa.cz\/de\/konferenzen\/\"]}]},{\"@type\":\"BreadcrumbList\",\"@id\":\"https:\/\/zlatalipa.cz\/de\/konferenzen\/#breadcrumb\",\"itemListElement\":[{\"@type\":\"ListItem\",\"position\":1,\"name\":\"Dom\\u016f\",\"item\":\"https:\/\/zlatalipa.cz\/de\/\"},{\"@type\":\"ListItem\",\"position\":2,\"name\":\"Konferenzen\"}]}]}<\/script>\n<!-- \/ Yoast SEO plugin. -->","yoast_head_json":{"title":"Konferenzen - HOTEL ZLAT\u00c1 L\u00cdPA","robots":{"index":"index","follow":"follow","max-snippet":"max-snippet:-1","max-image-preview":"max-image-preview:large","max-video-preview":"max-video-preview:-1"},"canonical":"https:\/\/zlatalipa.cz\/de\/konferenzen\/","og_locale":"de_DE","og_type":"article","og_title":"Konferenzen - HOTEL ZLAT\u00c1 L\u00cdPA","og_url":"https:\/\/zlatalipa.cz\/de\/konferenzen\/","og_site_name":"HOTEL ZLAT\u00c1 L\u00cdPA","article_modified_time":"2022-05-04T20:35:11+00:00","twitter_card":"summary_large_image","twitter_misc":{"Gesch\u00e4tzte Lesezeit":"16 Minuten"},"schema":{"@context":"https:\/\/schema.org","@graph":[{"@type":"WebSite","@id":"https:\/\/zlatalipa.cz\/#website","url":"https:\/\/zlatalipa.cz\/","name":"HOTEL ZLAT\u00c1 L\u00cdPA","description":"Hotel, restaurace, wellness","potentialAction":[{"@type":"SearchAction","target":{"@type":"EntryPoint","urlTemplate":"https:\/\/zlatalipa.cz\/?s={search_term_string}"},"query-input":"required name=search_term_string"}],"inLanguage":"de-DE"},{"@type":"WebPage","@id":"https:\/\/zlatalipa.cz\/de\/konferenzen\/#webpage","url":"https:\/\/zlatalipa.cz\/de\/konferenzen\/","name":"Konferenzen - HOTEL ZLAT\u00c1 L\u00cdPA","isPartOf":{"@id":"https:\/\/zlatalipa.cz\/#website"},"datePublished":"2021-09-23T08:12:23+00:00","dateModified":"2022-05-04T20:35:11+00:00","breadcrumb":{"@id":"https:\/\/zlatalipa.cz\/de\/konferenzen\/#breadcrumb"},"inLanguage":"de-DE","potentialAction":[{"@type":"ReadAction","target":["https:\/\/zlatalipa.cz\/de\/konferenzen\/"]}]},{"@type":"BreadcrumbList","@id":"https:\/\/zlatalipa.cz\/de\/konferenzen\/#breadcrumb","itemListElement":[{"@type":"ListItem","position":1,"name":"Dom\u016f","item":"https:\/\/zlatalipa.cz\/de\/"},{"@type":"ListItem","position":2,"name":"Konferenzen"}]}]}},"_links":{"self":[{"href":"https:\/\/zlatalipa.cz\/de\/wp-json\/wp\/v2\/pages\/947"}],"collection":[{"href":"https:\/\/zlatalipa.cz\/de\/wp-json\/wp\/v2\/pages"}],"about":[{"href":"https:\/\/zlatalipa.cz\/de\/wp-json\/wp\/v2\/types\/page"}],"author":[{"embeddable":true,"href":"https:\/\/zlatalipa.cz\/de\/wp-json\/wp\/v2\/users\/3"}],"replies":[{"embeddable":true,"href":"https:\/\/zlatalipa.cz\/de\/wp-json\/wp\/v2\/comments?post=947"}],"version-history":[{"count":10,"href":"https:\/\/zlatalipa.cz\/de\/wp-json\/wp\/v2\/pages\/947\/revisions"}],"predecessor-version":[{"id":1575,"href":"https:\/\/zlatalipa.cz\/de\/wp-json\/wp\/v2\/pages\/947\/revisions\/1575"}],"wp:attachment":[{"href":"https:\/\/zlatalipa.cz\/de\/wp-json\/wp\/v2\/media?parent=947"}],"curies":[{"name":"wp","href":"https:\/\/api.w.org\/{rel}","templated":true}]}}