{"id":905,"date":"2021-08-26T09:55:52","date_gmt":"2021-08-26T07:55:52","guid":{"rendered":"http:\/\/zlatalipa.cz\/kontakt\/"},"modified":"2021-12-15T09:58:23","modified_gmt":"2021-12-15T08:58:23","slug":"contact","status":"publish","type":"page","link":"https:\/\/zlatalipa.cz\/en\/contact\/","title":{"rendered":"Contact"},"content":{"rendered":"<p><div class=\"fusion-fullwidth fullwidth-box fusion-builder-row-1 fusion-flex-container fusion-parallax-fixed nonhundred-percent-fullwidth non-hundred-percent-height-scrolling\" style=\"background-color: rgba(255,255,255,0);background-image: url(&quot;https:\/\/zlatalipa.cz\/wp-content\/uploads\/2021\/04\/gray.jpg&quot;);background-position: center top;background-repeat: no-repeat;border-width: 0px 0px 0px 0px;border-color:#e2e2e2;border-style:solid;-webkit-background-size:cover;-moz-background-size:cover;-o-background-size:cover;background-size:cover;background-attachment:fixed;\" id=\"objednavka\" ><div class=\"fusion-builder-row fusion-row fusion-flex-align-items-stretch\" style=\"max-width:1352px;margin-left: calc(-4% \/ 2 );margin-right: calc(-4% \/ 2 );\"><div class=\"fusion-layout-column fusion_builder_column fusion-builder-column-0 fusion_builder_column_1_2 1_2 fusion-flex-column\"><div class=\"fusion-column-wrapper fusion-flex-justify-content-flex-start fusion-content-layout-column\" style=\"background-position:left top;background-repeat:no-repeat;-webkit-background-size:cover;-moz-background-size:cover;-o-background-size:cover;background-size:cover;padding: 0px 0px 0px 0px;\"><style type=\"text\/css\">@media only screen and (max-width:1100px) {.fusion-title.fusion-title-1{margin-top:0px!important; margin-right:0px!important;margin-bottom:40px!important;margin-left:0px!important;}}@media only screen and (max-width:1000px) {.fusion-title.fusion-title-1{margin-top:10px!important; margin-right:0px!important;margin-bottom:10px!important; margin-left:0px!important;}}<\/style><div class=\"fusion-title title fusion-title-1 fusion-sep-none fusion-title-center fusion-title-text fusion-title-size-two decorated-header transformup\" style=\"margin-top:0px;margin-right:0px;margin-bottom:40px;margin-left:0px;\"><h2 class=\"title-heading-center fusion-responsive-typography-calculated\" style=\"margin:0;--fontSize:35;line-height:1.2;\">Contakt<\/h2><\/div><div class=\"fusion-text fusion-text-1 claim\" style=\"text-align:center;font-size:14px;\"><p>HOTEL ZLAT\u00c1 L\u00cdPA<\/p>\n<\/div><div class=\"fusion-text fusion-text-2\" style=\"text-align:center;\"><p>Sv. \u010cecha 57<br \/>\nD\u011b\u010d\u00edn 17 \u2013 Jal\u016fv\u010d\u00ed<br \/>\n405&nbsp;02<\/p>\n<p><a class=\"link-icon\" href=\"tel:+420412512338\"><i class=\"fa fa-phone\" aria-hidden=\"true\"><\/i> +420&nbsp;412&nbsp;512&nbsp;338<\/a><br \/>\n<a class=\"link-icon\" href=\"mailto:info@zlatalipa.cz\"><i class=\"fa fa-envelope\" aria-hidden=\"true\"><\/i> info@zlatalipa.cz<\/a><\/p>\n<p><strong>GPS: <\/strong>50\u00b047\u201922.7\u2033N 14\u00b011\u201925.5\u2033E<\/p>\n<\/div><\/div><style type=\"text\/css\">.fusion-body .fusion-builder-column-0{width:50% !important;margin-top : 0px;margin-bottom : 0px;}.fusion-builder-column-0 > .fusion-column-wrapper {padding-top : 0px !important;padding-right : 0px !important;margin-right : 3.84%;padding-bottom : 0px !important;padding-left : 0px !important;margin-left : 3.84%;}@media only screen and (max-width:1100px) {.fusion-body .fusion-builder-column-0{width:50% !important;order : 0;}.fusion-builder-column-0 > .fusion-column-wrapper {margin-right : 3.84%;margin-left : 3.84%;}}@media only screen and (max-width:1000px) {.fusion-body .fusion-builder-column-0{width:100% !important;order : 0;}.fusion-builder-column-0 > .fusion-column-wrapper {margin-right : 1.92%;margin-left : 1.92%;}}<\/style><\/div><div class=\"fusion-layout-column fusion_builder_column fusion-builder-column-1 fusion_builder_column_1_2 1_2 fusion-flex-column\" id=\"objednavka\"><div class=\"fusion-column-wrapper fusion-flex-justify-content-flex-start fusion-content-layout-column\" style=\"background-position:left top;background-repeat:no-repeat;-webkit-background-size:cover;-moz-background-size:cover;-o-background-size:cover;background-size:cover;padding: 0px 0px 0px 0px;\"><style type=\"text\/css\">@media only screen and (max-width:1100px) {.fusion-title.fusion-title-2{margin-top:0px!important; margin-right:0px!important;margin-bottom:40px!important;margin-left:0px!important;}}@media only screen and (max-width:1000px) {.fusion-title.fusion-title-2{margin-top:10px!important; margin-right:0px!important;margin-bottom:10px!important; margin-left:0px!important;}}<\/style><div class=\"fusion-title title fusion-title-2 fusion-sep-none fusion-title-center fusion-title-text fusion-title-size-two decorated-header transformup\" style=\"margin-top:0px;margin-right:0px;margin-bottom:40px;margin-left:0px;\"><h2 class=\"title-heading-center fusion-responsive-typography-calculated\" style=\"margin:0;--fontSize:35;line-height:1.2;\">Write us<\/h2><\/div><div role=\"form\" class=\"wpcf7\" id=\"wpcf7-f1030-o1\" lang=\"cs-CZ\" dir=\"ltr\">\n<div class=\"screen-reader-response\"><p role=\"status\" aria-live=\"polite\" aria-atomic=\"true\"><\/p> <ul><\/ul><\/div>\n<form action=\"\/en\/wp-json\/wp\/v2\/pages\/905#wpcf7-f1030-o1\" method=\"post\" class=\"wpcf7-form init\" novalidate=\"novalidate\" data-status=\"init\">\n<div style=\"display: none;\">\n<input type=\"hidden\" name=\"_wpcf7\" value=\"1030\" \/>\n<input type=\"hidden\" name=\"_wpcf7_version\" value=\"5.5.3\" \/>\n<input type=\"hidden\" name=\"_wpcf7_locale\" value=\"cs_CZ\" \/>\n<input type=\"hidden\" name=\"_wpcf7_unit_tag\" value=\"wpcf7-f1030-o1\" \/>\n<input type=\"hidden\" name=\"_wpcf7_container_post\" value=\"0\" \/>\n<input type=\"hidden\" name=\"_wpcf7_posted_data_hash\" value=\"\" \/>\n<input type=\"hidden\" name=\"_wpcf7_recaptcha_response\" value=\"\" \/>\n<\/div>\n<div class=\"form-row\">\n<div class=\"form-item\">\n<label> Your name<br \/>\n    <span class=\"wpcf7-form-control-wrap your-name\"><input type=\"text\" name=\"your-name\" value=\"\" size=\"40\" class=\"wpcf7-form-control wpcf7-text wpcf7-validates-as-required\" aria-required=\"true\" aria-invalid=\"false\" \/><\/span> <\/label>\n<\/div>\n<div class=\"form-item\">\n<label> Your e-mail<br \/>\n    <span class=\"wpcf7-form-control-wrap your-email\"><input type=\"email\" name=\"your-email\" value=\"\" size=\"40\" class=\"wpcf7-form-control wpcf7-text wpcf7-email wpcf7-validates-as-required wpcf7-validates-as-email\" aria-required=\"true\" aria-invalid=\"false\" \/><\/span> <\/label>\n<\/div>\n<\/div>\n<div class=\"form-row\">\n<div class=\"form-item\">\n<label> Your note<br \/>\n    <span class=\"wpcf7-form-control-wrap your-message\"><textarea name=\"your-message\" cols=\"40\" rows=\"10\" class=\"wpcf7-form-control wpcf7-textarea\" aria-invalid=\"false\"><\/textarea><\/span> <\/label>\n<\/div>\n<\/div>\n<div style=\"display:block;min-width:100%;text-align:center;\">\nBy entering personal data, you agree to the terms of <a href=\"\/en\/terms-of-personal-data-protection\/\" target=\"_blank\"><strong>personal data protection<\/strong><\/a>.\n<\/div>\n<div class=\"form-row\">\n<div class=\"form-submit\">\n<input type=\"submit\" value=\"Submit\" class=\"wpcf7-form-control has-spinner wpcf7-submit\" \/>\n<\/div>\n<\/div>\n<div class=\"fusion-alert alert custom alert-custom fusion-alert-center wpcf7-response-output alert-dismissable\" style=\"border-width:1px;\"><button type=\"button\" class=\"close toggle-alert\" data-dismiss=\"alert\" aria-label=\"Close\">&times;<\/button><div class=\"fusion-alert-content-wrapper\"><span class=\"fusion-alert-content\"><\/span><\/div><\/div><\/form><\/div><\/div><style type=\"text\/css\">.fusion-body .fusion-builder-column-1{width:50% !important;margin-top : 0px;margin-bottom : 0px;}.fusion-builder-column-1 > .fusion-column-wrapper {padding-top : 0px !important;padding-right : 0px !important;margin-right : 3.84%;padding-bottom : 0px !important;padding-left : 0px !important;margin-left : 3.84%;}@media only screen and (max-width:1100px) {.fusion-body .fusion-builder-column-1{width:50% !important;order : 0;}.fusion-builder-column-1 > .fusion-column-wrapper {margin-right : 3.84%;margin-left : 3.84%;}}@media only screen and (max-width:1000px) {.fusion-body .fusion-builder-column-1{width:100% !important;order : 0;}.fusion-builder-column-1 > .fusion-column-wrapper {margin-right : 1.92%;margin-left : 1.92%;}}<\/style><\/div><\/div><style type=\"text\/css\">.fusion-body .fusion-flex-container.fusion-builder-row-1{ padding-top : 150px;margin-top : 0px;padding-right : 0px;padding-bottom : 150px;margin-bottom : 0px;padding-left : 0px;}<\/style><\/div><div class=\"fusion-fullwidth fullwidth-box fusion-builder-row-2 fusion-flex-container hundred-percent-fullwidth non-hundred-percent-height-scrolling\" style=\"background-color: rgba(255,255,255,0);background-position: center center;background-repeat: no-repeat;border-width: 0 0 0 0;border-color:#e2e2e2;border-style:solid;\" ><div class=\"fusion-builder-row fusion-row fusion-flex-align-items-flex-start\" style=\"width:104% !important;max-width:104% !important;margin-left: calc(-4% \/ 2 );margin-right: calc(-4% \/ 2 );\"><div class=\"fusion-layout-column fusion_builder_column fusion-builder-column-2 fusion_builder_column_1_1 1_1 fusion-flex-column\"><div class=\"fusion-column-wrapper fusion-flex-justify-content-flex-start fusion-content-layout-column\" style=\"background-position:left top;background-repeat:no-repeat;-webkit-background-size:cover;-moz-background-size:cover;-o-background-size:cover;background-size:cover;padding: 0px 0px 0px 0px;\"><iframe src=\"https:\/\/www.google.com\/maps\/embed?pb=!1m14!1m8!1m3!1d10088.96142908943!2d14.190235!3d50.789654!3m2!1i1024!2i768!4f13.1!3m3!1m2!1s0x0%3A0xef7145eeb77629a6!2sGolden%20Linden%20Spa%20Hotel!5e0!3m2!1sen!2sen!4v1638800349651!5m2!1sen!2sen\" width=\"100%\" height=\"480\" style=\"border:0;\" allowfullscreen=\"\" loading=\"lazy\"><\/iframe><\/div><style type=\"text\/css\">.fusion-body .fusion-builder-column-2{width:100% !important;margin-top : 0px;margin-bottom : 0px;}.fusion-builder-column-2 > .fusion-column-wrapper {padding-top : 0 !important;padding-right : 0 !important;margin-right : 1.92%;padding-bottom : 0 !important;padding-left : 0 !important;margin-left : 1.92%;}@media only screen and (max-width:1100px) {.fusion-body .fusion-builder-column-2{width:100% !important;order : 0;}.fusion-builder-column-2 > .fusion-column-wrapper {margin-right : 1.92%;margin-left : 1.92%;}}@media only screen and (max-width:1000px) {.fusion-body .fusion-builder-column-2{width:100% !important;order : 0;}.fusion-builder-column-2 > .fusion-column-wrapper {margin-right : 1.92%;margin-left : 1.92%;}}<\/style><\/div><\/div><style type=\"text\/css\">.fusion-body .fusion-flex-container.fusion-builder-row-2{ padding-top : 0px;margin-top : 0;padding-right : 0px;padding-bottom : 0px;margin-bottom : 0;padding-left : 0px;}<\/style><\/div><\/p>\n","protected":false},"excerpt":{"rendered":"","protected":false},"author":3,"featured_media":0,"parent":0,"menu_order":0,"comment_status":"closed","ping_status":"closed","template":"100-width.php","meta":[],"yoast_head":"<!-- This site is optimized with the Yoast SEO plugin v17.8 - https:\/\/yoast.com\/wordpress\/plugins\/seo\/ -->\n<title>Contact - HOTEL ZLAT\u00c1 L\u00cdPA<\/title>\n<meta name=\"robots\" content=\"index, follow, max-snippet:-1, max-image-preview:large, max-video-preview:-1\" \/>\n<link rel=\"canonical\" href=\"https:\/\/zlatalipa.cz\/en\/contact\/\" \/>\n<meta property=\"og:locale\" content=\"en_US\" \/>\n<meta property=\"og:type\" content=\"article\" \/>\n<meta property=\"og:title\" content=\"Contact - HOTEL ZLAT\u00c1 L\u00cdPA\" \/>\n<meta property=\"og:url\" content=\"https:\/\/zlatalipa.cz\/en\/contact\/\" \/>\n<meta property=\"og:site_name\" content=\"HOTEL ZLAT\u00c1 L\u00cdPA\" \/>\n<meta property=\"article:modified_time\" content=\"2021-12-15T08:58:23+00:00\" \/>\n<meta name=\"twitter:card\" content=\"summary_large_image\" \/>\n<meta name=\"twitter:label1\" content=\"Est. reading time\" \/>\n\t<meta name=\"twitter:data1\" content=\"10 minutes\" \/>\n<script type=\"application\/ld+json\" class=\"yoast-schema-graph\">{\"@context\":\"https:\/\/schema.org\",\"@graph\":[{\"@type\":\"WebSite\",\"@id\":\"https:\/\/zlatalipa.cz\/#website\",\"url\":\"https:\/\/zlatalipa.cz\/\",\"name\":\"HOTEL ZLAT\\u00c1 L\\u00cdPA\",\"description\":\"Hotel, restaurace, wellness\",\"potentialAction\":[{\"@type\":\"SearchAction\",\"target\":{\"@type\":\"EntryPoint\",\"urlTemplate\":\"https:\/\/zlatalipa.cz\/?s={search_term_string}\"},\"query-input\":\"required name=search_term_string\"}],\"inLanguage\":\"en-US\"},{\"@type\":\"WebPage\",\"@id\":\"https:\/\/zlatalipa.cz\/en\/contact\/#webpage\",\"url\":\"https:\/\/zlatalipa.cz\/en\/contact\/\",\"name\":\"Contact - HOTEL ZLAT\\u00c1 L\\u00cdPA\",\"isPartOf\":{\"@id\":\"https:\/\/zlatalipa.cz\/#website\"},\"datePublished\":\"2021-08-26T07:55:52+00:00\",\"dateModified\":\"2021-12-15T08:58:23+00:00\",\"breadcrumb\":{\"@id\":\"https:\/\/zlatalipa.cz\/en\/contact\/#breadcrumb\"},\"inLanguage\":\"en-US\",\"potentialAction\":[{\"@type\":\"ReadAction\",\"target\":[\"https:\/\/zlatalipa.cz\/en\/contact\/\"]}]},{\"@type\":\"BreadcrumbList\",\"@id\":\"https:\/\/zlatalipa.cz\/en\/contact\/#breadcrumb\",\"itemListElement\":[{\"@type\":\"ListItem\",\"position\":1,\"name\":\"Dom\\u016f\",\"item\":\"https:\/\/zlatalipa.cz\/en\/\"},{\"@type\":\"ListItem\",\"position\":2,\"name\":\"Contact\"}]}]}<\/script>\n<!-- \/ Yoast SEO plugin. -->","yoast_head_json":{"title":"Contact - HOTEL ZLAT\u00c1 L\u00cdPA","robots":{"index":"index","follow":"follow","max-snippet":"max-snippet:-1","max-image-preview":"max-image-preview:large","max-video-preview":"max-video-preview:-1"},"canonical":"https:\/\/zlatalipa.cz\/en\/contact\/","og_locale":"en_US","og_type":"article","og_title":"Contact - HOTEL ZLAT\u00c1 L\u00cdPA","og_url":"https:\/\/zlatalipa.cz\/en\/contact\/","og_site_name":"HOTEL ZLAT\u00c1 L\u00cdPA","article_modified_time":"2021-12-15T08:58:23+00:00","twitter_card":"summary_large_image","twitter_misc":{"Est. reading time":"10 minutes"},"schema":{"@context":"https:\/\/schema.org","@graph":[{"@type":"WebSite","@id":"https:\/\/zlatalipa.cz\/#website","url":"https:\/\/zlatalipa.cz\/","name":"HOTEL ZLAT\u00c1 L\u00cdPA","description":"Hotel, restaurace, wellness","potentialAction":[{"@type":"SearchAction","target":{"@type":"EntryPoint","urlTemplate":"https:\/\/zlatalipa.cz\/?s={search_term_string}"},"query-input":"required name=search_term_string"}],"inLanguage":"en-US"},{"@type":"WebPage","@id":"https:\/\/zlatalipa.cz\/en\/contact\/#webpage","url":"https:\/\/zlatalipa.cz\/en\/contact\/","name":"Contact - HOTEL ZLAT\u00c1 L\u00cdPA","isPartOf":{"@id":"https:\/\/zlatalipa.cz\/#website"},"datePublished":"2021-08-26T07:55:52+00:00","dateModified":"2021-12-15T08:58:23+00:00","breadcrumb":{"@id":"https:\/\/zlatalipa.cz\/en\/contact\/#breadcrumb"},"inLanguage":"en-US","potentialAction":[{"@type":"ReadAction","target":["https:\/\/zlatalipa.cz\/en\/contact\/"]}]},{"@type":"BreadcrumbList","@id":"https:\/\/zlatalipa.cz\/en\/contact\/#breadcrumb","itemListElement":[{"@type":"ListItem","position":1,"name":"Dom\u016f","item":"https:\/\/zlatalipa.cz\/en\/"},{"@type":"ListItem","position":2,"name":"Contact"}]}]}},"_links":{"self":[{"href":"https:\/\/zlatalipa.cz\/en\/wp-json\/wp\/v2\/pages\/905"}],"collection":[{"href":"https:\/\/zlatalipa.cz\/en\/wp-json\/wp\/v2\/pages"}],"about":[{"href":"https:\/\/zlatalipa.cz\/en\/wp-json\/wp\/v2\/types\/page"}],"author":[{"embeddable":true,"href":"https:\/\/zlatalipa.cz\/en\/wp-json\/wp\/v2\/users\/3"}],"replies":[{"embeddable":true,"href":"https:\/\/zlatalipa.cz\/en\/wp-json\/wp\/v2\/comments?post=905"}],"version-history":[{"count":9,"href":"https:\/\/zlatalipa.cz\/en\/wp-json\/wp\/v2\/pages\/905\/revisions"}],"predecessor-version":[{"id":1232,"href":"https:\/\/zlatalipa.cz\/en\/wp-json\/wp\/v2\/pages\/905\/revisions\/1232"}],"wp:attachment":[{"href":"https:\/\/zlatalipa.cz\/en\/wp-json\/wp\/v2\/media?parent=905"}],"curies":[{"name":"wp","href":"https:\/\/api.w.org\/{rel}","templated":true}]}}